{"id":8,"date":"2018-05-15T12:19:15","date_gmt":"2018-05-15T10:19:15","guid":{"rendered":"https:\/\/www.locapial.org\/canoe-kayak\/?page_id=8"},"modified":"2025-06-03T10:27:05","modified_gmt":"2025-06-03T08:27:05","slug":"comites-dentreprises-et-groupes","status":"publish","type":"page","link":"https:\/\/www.locapial.org\/canoe-kayak\/comites-dentreprises-et-groupes\/","title":{"rendered":"Comit\u00e9s d&rsquo;entreprises et groupes"},"content":{"rendered":"\n<div class=\"wp-block-stackable-columns alignwide stk-block-columns stk-block stk-51b9fee\" data-block-id=\"51b9fee\"><div class=\"stk-row stk-inner-blocks stk-block-content stk-content-align stk-51b9fee-column alignwide\">\n<div class=\"wp-block-stackable-column stk-block-column stk-column stk-block stk-a706512\" data-block-id=\"a706512\"><div class=\"stk-column-wrapper stk-block-column__content stk-container stk-a706512-container stk--no-background stk--no-padding\"><div class=\"stk-block-content stk-inner-blocks stk-a706512-inner-blocks\">\n<div class=\"wp-block-stackable-card stk-block-card stk-block stk-34f7893 is-style-default\" data-v=\"2\" data-block-id=\"34f7893\"><div class=\"stk--no-padding stk-container stk-34f7893-container stk-hover-parent\"><figure class=\"stk-block-card__image stk-img-wrapper stk-image--shape-stretch\"><img loading=\"lazy\" decoding=\"async\" class=\"stk-img wp-image-372\" src=\"https:\/\/www.locapial.org\/canoe-kayak\/wp-content\/uploads\/2018\/05\/canoe-ent1.jpg\" width=\"881\" height=\"595\" alt=\"Cano\u00eb\" srcset=\"https:\/\/www.locapial.org\/canoe-kayak\/wp-content\/uploads\/2018\/05\/canoe-ent1.jpg 881w, https:\/\/www.locapial.org\/canoe-kayak\/wp-content\/uploads\/2018\/05\/canoe-ent1-300x203.jpg 300w, https:\/\/www.locapial.org\/canoe-kayak\/wp-content\/uploads\/2018\/05\/canoe-ent1-768x519.jpg 768w\" sizes=\"auto, (max-width: 881px) 100vw, 881px\" \/><\/figure><div class=\"stk-container-padding stk-block-card__content\"><div class=\"stk-block-content stk-inner-blocks has-text-align-center stk-34f7893-inner-blocks\">\n<p class=\"has-text-align-left\">Ouverte tous les jours en juillet et en ao\u00fbt, notre <strong>base nautique <\/strong>accueille chaleureusement les groupes et les comit\u00e9s d&rsquo;entreprise.<\/p>\n\n\n\n<p class=\"has-text-align-left\">Venez d\u00e9couvrir les merveilles de la <strong>vall\u00e9e <\/strong>du <strong>Tarn <\/strong>en <strong>cano\u00eb<\/strong>&#8211;<strong>kayak<\/strong>. Que ce soit pour vous d\u00e9tendre en famille ou entre amis, ou pour d\u00e9velopper l&rsquo;esprit d&rsquo;\u00e9quipe des collaborateurs de votre entreprise, vous serez s\u00e9duit par les diff\u00e9rentes <strong>descentes sp\u00e9cifiques <\/strong>propos\u00e9es par notre \u00e9quipe.<\/p>\n\n\n\n<p class=\"has-text-align-left\">La base nautique des Avalats propose aux groupes et aux comit\u00e9s d&rsquo;entreprise des <a href=\"https:\/\/www.locapial.org\/canoe-kayak\/tous-les-tarifs\/\"><strong>tarifs<\/strong><\/a> pr\u00e9f\u00e9rentiels, ainsi qu&rsquo;une organisation adapt\u00e9e \u00e0 vos envies. Profitez d&rsquo;une belle journ\u00e9e en groupe o\u00f9 le sport, la joie et l&rsquo;amusement sont \u00e0 l&rsquo;honneur.<\/p>\n\n\n\n<p class=\"has-text-align-left\">Notre force ? Faire de cet instant sport un moment fort en \u00e9motion et en fous rires, entour\u00e9s par des professionnels assurant votre s\u00e9curit\u00e9. Faites de cette activit\u00e9 sportive un v\u00e9ritable support \u00e0 l&rsquo;\u00e9panouissement de la personne, mais aussi aux valeurs de partage et de solidarit\u00e9.<\/p>\n<\/div><\/div><\/div><\/div>\n<\/div><\/div><\/div>\n\n\n\n<div class=\"wp-block-stackable-column stk-block-column stk-column stk-block stk-f1b7f6d\" data-block-id=\"f1b7f6d\"><div class=\"stk-column-wrapper stk-block-column__content stk-container stk-f1b7f6d-container stk--no-background stk--no-padding\"><div class=\"stk-block-content stk-inner-blocks stk-f1b7f6d-inner-blocks\">\n<div class=\"wp-block-stackable-card stk-block-card stk-block stk-344a346 is-style-default\" data-v=\"2\" data-block-id=\"344a346\"><div class=\"stk--no-padding stk-container stk-344a346-container stk-hover-parent\"><figure class=\"stk-block-card__image stk-img-wrapper stk-image--shape-stretch\"><img loading=\"lazy\" decoding=\"async\" class=\"stk-img wp-image-1410\" src=\"https:\/\/www.locapial.org\/canoe-kayak\/wp-content\/uploads\/2025\/06\/canoe-groupe-scaled.jpeg\" width=\"2560\" height=\"1920\" alt=\"Cano\u00eb\" srcset=\"https:\/\/www.locapial.org\/canoe-kayak\/wp-content\/uploads\/2025\/06\/canoe-groupe-scaled.jpeg 2560w, https:\/\/www.locapial.org\/canoe-kayak\/wp-content\/uploads\/2025\/06\/canoe-groupe-300x225.jpeg 300w, https:\/\/www.locapial.org\/canoe-kayak\/wp-content\/uploads\/2025\/06\/canoe-groupe-1024x768.jpeg 1024w, https:\/\/www.locapial.org\/canoe-kayak\/wp-content\/uploads\/2025\/06\/canoe-groupe-768x576.jpeg 768w, https:\/\/www.locapial.org\/canoe-kayak\/wp-content\/uploads\/2025\/06\/canoe-groupe-1536x1152.jpeg 1536w, https:\/\/www.locapial.org\/canoe-kayak\/wp-content\/uploads\/2025\/06\/canoe-groupe-2048x1536.jpeg 2048w, https:\/\/www.locapial.org\/canoe-kayak\/wp-content\/uploads\/2025\/06\/canoe-groupe-600x450.jpeg 600w\" sizes=\"auto, (max-width: 2560px) 100vw, 2560px\" \/><\/figure><div class=\"stk-container-padding stk-block-card__content\"><div class=\"stk-block-content stk-inner-blocks has-text-align-center stk-344a346-inner-blocks\">\n<p class=\"has-text-align-left\">La <strong>base nautique <\/strong>des <strong>Avalats <\/strong>proposent aux comit\u00e9s d&rsquo;entreprise et aux groupes des activit\u00e9s adapt\u00e9es \u00e0 vos diverses envies. Venez partager un moment convivial lors d&rsquo;une ballade en <strong>cano\u00eb<\/strong>&#8211;<strong>kayak <\/strong>sur le <strong>plan <\/strong>d&rsquo;<strong>eau<\/strong>, ou choisissez l&rsquo;un de nos parcours.<\/p>\n\n\n\n<p class=\"has-text-align-left\">Vivez des moments inoubliables et revitalisants tout en cr\u00e9ant un esprit d&rsquo;\u00e9quipe. Accessible \u00e0 tous gr\u00e2ce \u00e0 sa stabilit\u00e9 et \u00e0 la pr\u00e9sence de nos moniteurs dipl\u00f4m\u00e9s d&rsquo;\u00c9tat, le cano\u00eb-kayak vous permet de profiter d&rsquo;une sortie agr\u00e9able tout en d\u00e9couvrant la beaut\u00e9 de la vall\u00e9e du Tarn.<\/p>\n\n\n\n<p class=\"has-text-align-left\">Descente matinale en partant du Roc Blanc, ou sortie en fin de journ\u00e9e en juin et juillet lorsque les jours sont les plus longs, nous adaptons le programme de votre journ\u00e9e en fonction de vos envies.<\/p>\n\n\n\n<p class=\"has-text-align-left\"><a href=\"https:\/\/www.locapial.org\/canoe-kayak\/tous-les-tarifs\/\"><strong>Nos tarifs<\/strong><\/a><\/p>\n\n\n\n<p class=\"has-text-align-left\">Toute notre \u00e9quipe est \u00e0 votre disposition pour de plus amples informations. <a href=\"https:\/\/www.locapial.org\/canoe-kayak\/#contact-4\">Contactez-nous<\/a> !<\/p>\n<\/div><\/div><\/div><\/div>\n<\/div><\/div><\/div>\n<\/div><\/div>\n<style class=\"advgb-styles-renderer\">.stk-34f7893-container{box-shadow:0 0 0 2px #7878781a !important;}.stk-34f7893 .stk-block-card__image{height:300px !important;}.stk-344a346-container{box-shadow:0 0 0 2px #7878781a !important;}<\/style>","protected":false},"excerpt":{"rendered":"<p>Ouverte tous les jours en juillet et en ao\u00fbt, notre base nautique accueille chaleureusement les groupes et les comit\u00e9s d&rsquo;entreprise. Venez d\u00e9couvrir les merveilles de la vall\u00e9e du Tarn en cano\u00eb&#8211;kayak. Que ce soit pour vous d\u00e9tendre en famille ou entre amis, ou pour d\u00e9velopper l&rsquo;esprit d&rsquo;\u00e9quipe des collaborateurs de votre entreprise, vous serez s\u00e9duit [&hellip;]<\/p>\n","protected":false},"author":1,"featured_media":0,"parent":0,"menu_order":0,"comment_status":"closed","ping_status":"closed","template":"","meta":{"advgb_blocks_editor_width":"","advgb_blocks_columns_visual_guide":"","footnotes":""},"class_list":["post-8","page","type-page","status-publish","hentry"],"blocksy_meta":{"styles_descriptor":{"styles":{"desktop":"","tablet":"","mobile":""},"google_fonts":[],"version":6}},"yoast_head":"<!-- This site is optimized with the Yoast SEO plugin v27.5 - https:\/\/yoast.com\/product\/yoast-seo-wordpress\/ -->\n<title>Comit\u00e9s d&#039;entreprises et groupes - Base nautique canoe-kayak Lo Capial<\/title>\n<meta name=\"robots\" content=\"index, follow, max-snippet:-1, max-image-preview:large, max-video-preview:-1\" \/>\n<link rel=\"canonical\" href=\"https:\/\/www.locapial.org\/canoe-kayak\/comites-dentreprises-et-groupes\/\" \/>\n<meta property=\"og:locale\" content=\"fr_FR\" \/>\n<meta property=\"og:type\" content=\"article\" \/>\n<meta property=\"og:title\" content=\"Comit\u00e9s d&#039;entreprises et groupes - Base nautique canoe-kayak Lo Capial\" \/>\n<meta property=\"og:description\" content=\"Ouverte tous les jours en juillet et en ao\u00fbt, notre base nautique accueille chaleureusement les groupes et les comit\u00e9s d&rsquo;entreprise. Venez d\u00e9couvrir les merveilles de la vall\u00e9e du Tarn en cano\u00eb&#8211;kayak. Que ce soit pour vous d\u00e9tendre en famille ou entre amis, ou pour d\u00e9velopper l&rsquo;esprit d&rsquo;\u00e9quipe des collaborateurs de votre entreprise, vous serez s\u00e9duit [&hellip;]\" \/>\n<meta property=\"og:url\" content=\"https:\/\/www.locapial.org\/canoe-kayak\/comites-dentreprises-et-groupes\/\" \/>\n<meta property=\"og:site_name\" content=\"Base nautique canoe-kayak Lo Capial\" \/>\n<meta property=\"article:publisher\" content=\"https:\/\/www.facebook.com\/locapial\/\" \/>\n<meta property=\"article:modified_time\" content=\"2025-06-03T08:27:05+00:00\" \/>\n<meta property=\"og:image\" content=\"https:\/\/www.locapial.org\/canoe-kayak\/wp-content\/uploads\/2018\/05\/canoe-ent1.jpg\" \/>\n\t<meta property=\"og:image:width\" content=\"881\" \/>\n\t<meta property=\"og:image:height\" content=\"595\" \/>\n\t<meta property=\"og:image:type\" content=\"image\/jpeg\" \/>\n<meta name=\"twitter:card\" content=\"summary_large_image\" \/>\n<meta name=\"twitter:site\" content=\"@LoCapial\" \/>\n<meta name=\"twitter:label1\" content=\"Dur\u00e9e de lecture estim\u00e9e\" \/>\n\t<meta name=\"twitter:data1\" content=\"2 minutes\" \/>\n<script type=\"application\/ld+json\" class=\"yoast-schema-graph\">{\"@context\":\"https:\\\/\\\/schema.org\",\"@graph\":[{\"@type\":\"WebPage\",\"@id\":\"https:\\\/\\\/www.locapial.org\\\/canoe-kayak\\\/comites-dentreprises-et-groupes\\\/\",\"url\":\"https:\\\/\\\/www.locapial.org\\\/canoe-kayak\\\/comites-dentreprises-et-groupes\\\/\",\"name\":\"Comit\u00e9s d'entreprises et groupes - Base nautique canoe-kayak Lo Capial\",\"isPartOf\":{\"@id\":\"https:\\\/\\\/www.locapial.org\\\/canoe-kayak\\\/#website\"},\"primaryImageOfPage\":{\"@id\":\"https:\\\/\\\/www.locapial.org\\\/canoe-kayak\\\/comites-dentreprises-et-groupes\\\/#primaryimage\"},\"image\":{\"@id\":\"https:\\\/\\\/www.locapial.org\\\/canoe-kayak\\\/comites-dentreprises-et-groupes\\\/#primaryimage\"},\"thumbnailUrl\":\"https:\\\/\\\/www.locapial.org\\\/canoe-kayak\\\/wp-content\\\/uploads\\\/2018\\\/05\\\/canoe-ent1.jpg\",\"datePublished\":\"2018-05-15T10:19:15+00:00\",\"dateModified\":\"2025-06-03T08:27:05+00:00\",\"breadcrumb\":{\"@id\":\"https:\\\/\\\/www.locapial.org\\\/canoe-kayak\\\/comites-dentreprises-et-groupes\\\/#breadcrumb\"},\"inLanguage\":\"fr-FR\",\"potentialAction\":[{\"@type\":\"ReadAction\",\"target\":[\"https:\\\/\\\/www.locapial.org\\\/canoe-kayak\\\/comites-dentreprises-et-groupes\\\/\"]}]},{\"@type\":\"ImageObject\",\"inLanguage\":\"fr-FR\",\"@id\":\"https:\\\/\\\/www.locapial.org\\\/canoe-kayak\\\/comites-dentreprises-et-groupes\\\/#primaryimage\",\"url\":\"https:\\\/\\\/www.locapial.org\\\/canoe-kayak\\\/wp-content\\\/uploads\\\/2018\\\/05\\\/canoe-ent1.jpg\",\"contentUrl\":\"https:\\\/\\\/www.locapial.org\\\/canoe-kayak\\\/wp-content\\\/uploads\\\/2018\\\/05\\\/canoe-ent1.jpg\",\"width\":881,\"height\":595,\"caption\":\"Cano\u00eb\"},{\"@type\":\"BreadcrumbList\",\"@id\":\"https:\\\/\\\/www.locapial.org\\\/canoe-kayak\\\/comites-dentreprises-et-groupes\\\/#breadcrumb\",\"itemListElement\":[{\"@type\":\"ListItem\",\"position\":1,\"name\":\"Accueil\",\"item\":\"https:\\\/\\\/www.locapial.org\\\/canoe-kayak\\\/\"},{\"@type\":\"ListItem\",\"position\":2,\"name\":\"Comit\u00e9s d&rsquo;entreprises et groupes\"}]},{\"@type\":\"WebSite\",\"@id\":\"https:\\\/\\\/www.locapial.org\\\/canoe-kayak\\\/#website\",\"url\":\"https:\\\/\\\/www.locapial.org\\\/canoe-kayak\\\/\",\"name\":\"Base nautique canoe-kayak Lo Capial\",\"description\":\"\",\"publisher\":{\"@id\":\"https:\\\/\\\/www.locapial.org\\\/canoe-kayak\\\/#organization\"},\"potentialAction\":[{\"@type\":\"SearchAction\",\"target\":{\"@type\":\"EntryPoint\",\"urlTemplate\":\"https:\\\/\\\/www.locapial.org\\\/canoe-kayak\\\/?s={search_term_string}\"},\"query-input\":{\"@type\":\"PropertyValueSpecification\",\"valueRequired\":true,\"valueName\":\"search_term_string\"}}],\"inLanguage\":\"fr-FR\"},{\"@type\":\"Organization\",\"@id\":\"https:\\\/\\\/www.locapial.org\\\/canoe-kayak\\\/#organization\",\"name\":\"Lo Capial\",\"url\":\"https:\\\/\\\/www.locapial.org\\\/canoe-kayak\\\/\",\"logo\":{\"@type\":\"ImageObject\",\"inLanguage\":\"fr-FR\",\"@id\":\"https:\\\/\\\/www.locapial.org\\\/canoe-kayak\\\/#\\\/schema\\\/logo\\\/image\\\/\",\"url\":\"https:\\\/\\\/www.locapial.org\\\/canoe-kayak\\\/wp-content\\\/uploads\\\/2018\\\/05\\\/locapial.png\",\"contentUrl\":\"https:\\\/\\\/www.locapial.org\\\/canoe-kayak\\\/wp-content\\\/uploads\\\/2018\\\/05\\\/locapial.png\",\"width\":180,\"height\":180,\"caption\":\"Lo Capial\"},\"image\":{\"@id\":\"https:\\\/\\\/www.locapial.org\\\/canoe-kayak\\\/#\\\/schema\\\/logo\\\/image\\\/\"},\"sameAs\":[\"https:\\\/\\\/www.facebook.com\\\/locapial\\\/\",\"https:\\\/\\\/x.com\\\/LoCapial\",\"https:\\\/\\\/www.youtube.com\\\/channel\\\/UC4YYPurwxyGe_z6En37caOQ\"]}]}<\/script>\n<!-- \/ Yoast SEO plugin. -->","yoast_head_json":{"title":"Comit\u00e9s d'entreprises et groupes - Base nautique canoe-kayak Lo Capial","robots":{"index":"index","follow":"follow","max-snippet":"max-snippet:-1","max-image-preview":"max-image-preview:large","max-video-preview":"max-video-preview:-1"},"canonical":"https:\/\/www.locapial.org\/canoe-kayak\/comites-dentreprises-et-groupes\/","og_locale":"fr_FR","og_type":"article","og_title":"Comit\u00e9s d'entreprises et groupes - Base nautique canoe-kayak Lo Capial","og_description":"Ouverte tous les jours en juillet et en ao\u00fbt, notre base nautique accueille chaleureusement les groupes et les comit\u00e9s d&rsquo;entreprise. Venez d\u00e9couvrir les merveilles de la vall\u00e9e du Tarn en cano\u00eb&#8211;kayak. Que ce soit pour vous d\u00e9tendre en famille ou entre amis, ou pour d\u00e9velopper l&rsquo;esprit d&rsquo;\u00e9quipe des collaborateurs de votre entreprise, vous serez s\u00e9duit [&hellip;]","og_url":"https:\/\/www.locapial.org\/canoe-kayak\/comites-dentreprises-et-groupes\/","og_site_name":"Base nautique canoe-kayak Lo Capial","article_publisher":"https:\/\/www.facebook.com\/locapial\/","article_modified_time":"2025-06-03T08:27:05+00:00","og_image":[{"width":881,"height":595,"url":"https:\/\/www.locapial.org\/canoe-kayak\/wp-content\/uploads\/2018\/05\/canoe-ent1.jpg","type":"image\/jpeg"}],"twitter_card":"summary_large_image","twitter_site":"@LoCapial","twitter_misc":{"Dur\u00e9e de lecture estim\u00e9e":"2 minutes"},"schema":{"@context":"https:\/\/schema.org","@graph":[{"@type":"WebPage","@id":"https:\/\/www.locapial.org\/canoe-kayak\/comites-dentreprises-et-groupes\/","url":"https:\/\/www.locapial.org\/canoe-kayak\/comites-dentreprises-et-groupes\/","name":"Comit\u00e9s d'entreprises et groupes - Base nautique canoe-kayak Lo Capial","isPartOf":{"@id":"https:\/\/www.locapial.org\/canoe-kayak\/#website"},"primaryImageOfPage":{"@id":"https:\/\/www.locapial.org\/canoe-kayak\/comites-dentreprises-et-groupes\/#primaryimage"},"image":{"@id":"https:\/\/www.locapial.org\/canoe-kayak\/comites-dentreprises-et-groupes\/#primaryimage"},"thumbnailUrl":"https:\/\/www.locapial.org\/canoe-kayak\/wp-content\/uploads\/2018\/05\/canoe-ent1.jpg","datePublished":"2018-05-15T10:19:15+00:00","dateModified":"2025-06-03T08:27:05+00:00","breadcrumb":{"@id":"https:\/\/www.locapial.org\/canoe-kayak\/comites-dentreprises-et-groupes\/#breadcrumb"},"inLanguage":"fr-FR","potentialAction":[{"@type":"ReadAction","target":["https:\/\/www.locapial.org\/canoe-kayak\/comites-dentreprises-et-groupes\/"]}]},{"@type":"ImageObject","inLanguage":"fr-FR","@id":"https:\/\/www.locapial.org\/canoe-kayak\/comites-dentreprises-et-groupes\/#primaryimage","url":"https:\/\/www.locapial.org\/canoe-kayak\/wp-content\/uploads\/2018\/05\/canoe-ent1.jpg","contentUrl":"https:\/\/www.locapial.org\/canoe-kayak\/wp-content\/uploads\/2018\/05\/canoe-ent1.jpg","width":881,"height":595,"caption":"Cano\u00eb"},{"@type":"BreadcrumbList","@id":"https:\/\/www.locapial.org\/canoe-kayak\/comites-dentreprises-et-groupes\/#breadcrumb","itemListElement":[{"@type":"ListItem","position":1,"name":"Accueil","item":"https:\/\/www.locapial.org\/canoe-kayak\/"},{"@type":"ListItem","position":2,"name":"Comit\u00e9s d&rsquo;entreprises et groupes"}]},{"@type":"WebSite","@id":"https:\/\/www.locapial.org\/canoe-kayak\/#website","url":"https:\/\/www.locapial.org\/canoe-kayak\/","name":"Base nautique canoe-kayak Lo Capial","description":"","publisher":{"@id":"https:\/\/www.locapial.org\/canoe-kayak\/#organization"},"potentialAction":[{"@type":"SearchAction","target":{"@type":"EntryPoint","urlTemplate":"https:\/\/www.locapial.org\/canoe-kayak\/?s={search_term_string}"},"query-input":{"@type":"PropertyValueSpecification","valueRequired":true,"valueName":"search_term_string"}}],"inLanguage":"fr-FR"},{"@type":"Organization","@id":"https:\/\/www.locapial.org\/canoe-kayak\/#organization","name":"Lo Capial","url":"https:\/\/www.locapial.org\/canoe-kayak\/","logo":{"@type":"ImageObject","inLanguage":"fr-FR","@id":"https:\/\/www.locapial.org\/canoe-kayak\/#\/schema\/logo\/image\/","url":"https:\/\/www.locapial.org\/canoe-kayak\/wp-content\/uploads\/2018\/05\/locapial.png","contentUrl":"https:\/\/www.locapial.org\/canoe-kayak\/wp-content\/uploads\/2018\/05\/locapial.png","width":180,"height":180,"caption":"Lo Capial"},"image":{"@id":"https:\/\/www.locapial.org\/canoe-kayak\/#\/schema\/logo\/image\/"},"sameAs":["https:\/\/www.facebook.com\/locapial\/","https:\/\/x.com\/LoCapial","https:\/\/www.youtube.com\/channel\/UC4YYPurwxyGe_z6En37caOQ"]}]}},"coauthors":[],"author_meta":{"author_link":"https:\/\/www.locapial.org\/canoe-kayak\/author\/administrateur\/","display_name":"administrateur"},"relative_dates":{"created":"Publi\u00e9 8 ans il y a","modified":"Mis \u00e0 jour 11 mois il y a"},"absolute_dates":{"created":"Publi\u00e9 le 15 mai 2018","modified":"Mise \u00e0 jour le 3 juin 2025"},"absolute_dates_time":{"created":"Publi\u00e9 le 15 mai 2018 12 h 19 min","modified":"Mise \u00e0 jour le 3 juin 2025 10 h 27 min"},"featured_img_caption":"","featured_img":false,"series_order":"","_links":{"self":[{"href":"https:\/\/www.locapial.org\/canoe-kayak\/wp-json\/wp\/v2\/pages\/8","targetHints":{"allow":["GET"]}}],"collection":[{"href":"https:\/\/www.locapial.org\/canoe-kayak\/wp-json\/wp\/v2\/pages"}],"about":[{"href":"https:\/\/www.locapial.org\/canoe-kayak\/wp-json\/wp\/v2\/types\/page"}],"author":[{"embeddable":true,"href":"https:\/\/www.locapial.org\/canoe-kayak\/wp-json\/wp\/v2\/users\/1"}],"replies":[{"embeddable":true,"href":"https:\/\/www.locapial.org\/canoe-kayak\/wp-json\/wp\/v2\/comments?post=8"}],"version-history":[{"count":6,"href":"https:\/\/www.locapial.org\/canoe-kayak\/wp-json\/wp\/v2\/pages\/8\/revisions"}],"predecessor-version":[{"id":1411,"href":"https:\/\/www.locapial.org\/canoe-kayak\/wp-json\/wp\/v2\/pages\/8\/revisions\/1411"}],"wp:attachment":[{"href":"https:\/\/www.locapial.org\/canoe-kayak\/wp-json\/wp\/v2\/media?parent=8"}],"curies":[{"name":"wp","href":"https:\/\/api.w.org\/{rel}","templated":true}]}}