{"id":6,"date":"2018-05-15T12:18:45","date_gmt":"2018-05-15T10:18:45","guid":{"rendered":"https:\/\/www.locapial.org\/canoe-kayak\/?page_id=6"},"modified":"2025-06-03T10:30:36","modified_gmt":"2025-06-03T08:30:36","slug":"tous-les-tarifs","status":"publish","type":"page","link":"https:\/\/www.locapial.org\/canoe-kayak\/tous-les-tarifs\/","title":{"rendered":"Tous les tarifs"},"content":{"rendered":"\n<div class=\"wp-block-stackable-columns alignfull stk-block-columns stk-block stk-33eab3c stk-block-background\" data-block-id=\"33eab3c\"><div class=\"stk-row stk-inner-blocks stk-block-content stk-content-align stk-33eab3c-column alignwide\">\n<div class=\"wp-block-stackable-column stk-block-column stk-column stk-block stk-ee4b95b\" data-v=\"4\" data-block-id=\"ee4b95b\"><div class=\"stk-column-wrapper stk-block-column__content stk-container stk-ee4b95b-container stk--no-background stk--no-padding\"><div class=\"stk-block-content stk-inner-blocks stk-ee4b95b-inner-blocks\">\n<div class=\"wp-block-stackable-heading stk-block-heading stk-block-heading--v2 stk-block stk-efdbfbd\" id=\"tous-les-tarifs\" data-block-id=\"efdbfbd\"><h2 class=\"stk-block-heading__text has-text-color has-text-align-left\">Tous les tarifs<\/h2><\/div>\n\n\n\n<p><strong>Paiements<\/strong>&nbsp;: Cartes bancaires, Ch\u00e8ques Vacances.<\/p>\n\n\n\n<p><strong>Tarifs r\u00e9duits<\/strong>&nbsp;: accord\u00e9s aux membres de Lo Capial, FOL, UFOLEP, FFCK, CNAS, COS du Tarn, ATSCAF du Tarn, aux \u00e9tudiants et demandeurs d\u2019emploi sur pr\u00e9sentation de la carte de l\u2019ann\u00e9e en cours.<\/p>\n\n\n\n<p><strong>Tarifs groupe<\/strong>&nbsp;: \u00e0 partir de 10 personnes.<\/p>\n\n\n\n<div class=\"wp-block-stackable-divider stk-block-divider stk-block stk-b5fab8e\" data-block-id=\"b5fab8e\"><hr class=\"stk-block-divider__hr\"\/><\/div>\n\n\n\n<div class=\"wp-block-stackable-columns stk-block-columns stk-block stk-9691097\" data-block-id=\"9691097\"><div class=\"stk-row stk-inner-blocks stk-block-content stk-content-align stk-9691097-column\">\n<div class=\"wp-block-stackable-column stk-block-column stk-column stk-block stk-04a0741\" data-v=\"4\" data-block-id=\"04a0741\"><div class=\"stk-column-wrapper stk-block-column__content stk-container stk-04a0741-container stk--no-background stk--no-padding\"><div class=\"stk-block-content stk-inner-blocks stk-04a0741-inner-blocks\">\n<div class=\"wp-block-stackable-columns stk-block-columns stk-block stk-46865c9\" data-block-id=\"46865c9\"><div class=\"stk-row stk-inner-blocks stk-block-content stk-content-align stk-46865c9-column\">\n<div class=\"wp-block-stackable-column stk-block-column stk-column stk-block stk-43d94e0\" data-v=\"4\" data-block-id=\"43d94e0\"><div class=\"stk-column-wrapper stk-block-column__content stk-container stk-43d94e0-container stk--no-background stk--no-padding\"><div class=\"stk-block-content stk-inner-blocks stk-43d94e0-inner-blocks\">\n<div class=\"wp-block-stackable-card stk-block-card stk-block stk-85a7e1d is-style-default\" data-v=\"2\" data-block-id=\"85a7e1d\"><div class=\"stk--no-padding stk-container stk-85a7e1d-container stk-hover-parent\"><figure class=\"stk-block-card__image stk-img-wrapper stk-image--shape-stretch\"><img loading=\"lazy\" decoding=\"async\" class=\"stk-img wp-image-1414\" src=\"https:\/\/www.locapial.org\/canoe-kayak\/wp-content\/uploads\/2025\/06\/Canoe-Loc-scaled.jpeg\" width=\"1920\" height=\"2560\" alt=\"Canoe Lo Capial\" srcset=\"https:\/\/www.locapial.org\/canoe-kayak\/wp-content\/uploads\/2025\/06\/Canoe-Loc-scaled.jpeg 1920w, https:\/\/www.locapial.org\/canoe-kayak\/wp-content\/uploads\/2025\/06\/Canoe-Loc-225x300.jpeg 225w, https:\/\/www.locapial.org\/canoe-kayak\/wp-content\/uploads\/2025\/06\/Canoe-Loc-768x1024.jpeg 768w, https:\/\/www.locapial.org\/canoe-kayak\/wp-content\/uploads\/2025\/06\/Canoe-Loc-1152x1536.jpeg 1152w, https:\/\/www.locapial.org\/canoe-kayak\/wp-content\/uploads\/2025\/06\/Canoe-Loc-1536x2048.jpeg 1536w, https:\/\/www.locapial.org\/canoe-kayak\/wp-content\/uploads\/2025\/06\/Canoe-Loc-300x400.jpeg 300w, https:\/\/www.locapial.org\/canoe-kayak\/wp-content\/uploads\/2025\/06\/Canoe-Loc-600x800.jpeg 600w\" sizes=\"auto, (max-width: 1920px) 100vw, 1920px\" \/><\/figure><div class=\"stk-container-padding stk-block-card__content\"><div class=\"stk-block-content stk-inner-blocks stk-85a7e1d-inner-blocks\">\n<div class=\"wp-block-stackable-heading stk-block-heading stk-block-heading--v2 stk-block stk-cabc74b\" id=\"strong-location-descente-strong\" data-block-id=\"cabc74b\"><h2 class=\"stk-block-heading__text has-text-color\"><strong>Location descente<\/strong><\/h2><\/div>\n\n\n\n<p><strong><em><strong><em>Parcours : Marsal \/ Avalats<\/em><\/strong><br><\/em><\/strong>7 km = 1h30 \u00e0 2h00<strong><em><br><\/em>Plein tarifs<\/strong> :16,00 \u20ac par personne<br><strong>Tarif r\u00e9duit \/ groupe<\/strong> : 14,00 \u20ac par personne<br><strong>Tarif enfant (7-12 ans)<\/strong> : 12,00 \u20ac par personne<\/p>\n\n\n\n<p><strong><em>Parcours : Roc Blanc \/ Avalats<\/em><\/strong><br>9 km = 2h30 \u00e0 3h00<br><strong>Plein tarifs<\/strong> :18,00 \u20ac par personne<br><strong>Tarif r\u00e9duit \/ groupe<\/strong> : 16,00 \u20ac par personne<br><strong>Tarif enfant (7-12 ans)<\/strong> : 14,00 \u20ac par personne<\/p>\n\n\n\n<p><strong><em>Parcours : Ambialet \/ Avalats<\/em><\/strong><br>18 km = 5h00 \u00e0 6h00<br><strong>Plein tarifs<\/strong>&nbsp;: 22,00 \u20ac par personne<br><strong>Tarif r\u00e9duit \/ groupe<\/strong> : 18,00 \u20ac par personne<br><strong>Tarif enfant (7-12 ans)<\/strong> : 16,00 \u20ac par personne<\/p>\n<\/div><\/div><\/div><\/div>\n<\/div><\/div><\/div>\n<\/div><\/div>\n<\/div><\/div><\/div>\n\n\n\n<div class=\"wp-block-stackable-column stk-block-column stk-column stk-block stk-8aca695\" data-v=\"4\" data-block-id=\"8aca695\"><div class=\"stk-column-wrapper stk-block-column__content stk-container stk-8aca695-container stk--no-background stk--no-padding\"><div class=\"stk-block-content stk-inner-blocks stk-8aca695-inner-blocks\">\n<div class=\"wp-block-stackable-card stk-block-card stk-block stk-85b762b is-style-default\" data-v=\"2\" data-block-id=\"85b762b\"><div class=\"stk--no-padding stk-container stk-85b762b-container stk-hover-parent\"><figure class=\"stk-block-card__image stk-img-wrapper stk-image--shape-stretch\"><img loading=\"lazy\" decoding=\"async\" class=\"stk-img wp-image-490\" src=\"https:\/\/www.locapial.org\/canoe-kayak\/wp-content\/uploads\/2018\/05\/canoe.jpg\" width=\"640\" height=\"468\" srcset=\"https:\/\/www.locapial.org\/canoe-kayak\/wp-content\/uploads\/2018\/05\/canoe.jpg 640w, https:\/\/www.locapial.org\/canoe-kayak\/wp-content\/uploads\/2018\/05\/canoe-300x219.jpg 300w\" sizes=\"auto, (max-width: 640px) 100vw, 640px\" \/><\/figure><div class=\"stk-container-padding stk-block-card__content\"><div class=\"stk-block-content stk-inner-blocks stk-85b762b-inner-blocks\">\n<div class=\"wp-block-stackable-heading stk-block-heading stk-block-heading--v2 stk-block stk-4b37b7f\" id=\"strong-location-plan-deau-strong\" data-block-id=\"4b37b7f\"><h2 class=\"stk-block-heading__text has-text-color\"><strong>Location plan d&rsquo;eau<\/strong><\/h2><\/div>\n\n\n\n<p><strong><em>Kayak (1 place)<\/em><\/strong><br><strong>1\/2 heure<\/strong> : 7,00 \u20ac<br><strong>1 heure<\/strong> : 10,00 \u20ac<\/p>\n\n\n\n<p><strong><em>Cano\u00eb (2 places)<\/em><\/strong><br><strong>1\/2 heure<\/strong> : 9,00 \u20ac<br><strong>1 heure<\/strong> : 12,00 \u20ac<\/p>\n\n\n\n<p><strong><em>Cano\u00eb (3 places)<\/em><\/strong><br><strong>1\/2 heure<\/strong> : 10,00 \u20ac<br><strong>1 heure<\/strong> : 14,00 \u20ac<\/p>\n<\/div><\/div><\/div><\/div>\n<\/div><\/div><\/div>\n\n\n\n<div class=\"wp-block-stackable-column stk-block-column stk-column stk-block stk-5e93c5d\" data-v=\"4\" data-block-id=\"5e93c5d\"><div class=\"stk-column-wrapper stk-block-column__content stk-container stk-5e93c5d-container stk--no-background stk--no-padding\"><div class=\"stk-block-content stk-inner-blocks stk-5e93c5d-inner-blocks\">\n<div class=\"wp-block-stackable-card stk-block-card stk-block stk-928cae4 is-style-default\" data-v=\"2\" data-block-id=\"928cae4\"><div class=\"stk--no-padding stk-container stk-928cae4-container stk-hover-parent\"><figure class=\"stk-block-card__image stk-img-wrapper stk-image--shape-stretch\"><img loading=\"lazy\" decoding=\"async\" class=\"stk-img wp-image-1412\" src=\"https:\/\/www.locapial.org\/canoe-kayak\/wp-content\/uploads\/2025\/06\/canoe-descente-scaled.jpeg\" width=\"1920\" height=\"2560\" alt=\"Cano\u00eb\" srcset=\"https:\/\/www.locapial.org\/canoe-kayak\/wp-content\/uploads\/2025\/06\/canoe-descente-scaled.jpeg 1920w, https:\/\/www.locapial.org\/canoe-kayak\/wp-content\/uploads\/2025\/06\/canoe-descente-225x300.jpeg 225w, https:\/\/www.locapial.org\/canoe-kayak\/wp-content\/uploads\/2025\/06\/canoe-descente-768x1024.jpeg 768w, https:\/\/www.locapial.org\/canoe-kayak\/wp-content\/uploads\/2025\/06\/canoe-descente-1152x1536.jpeg 1152w, https:\/\/www.locapial.org\/canoe-kayak\/wp-content\/uploads\/2025\/06\/canoe-descente-1536x2048.jpeg 1536w, https:\/\/www.locapial.org\/canoe-kayak\/wp-content\/uploads\/2025\/06\/canoe-descente-300x400.jpeg 300w, https:\/\/www.locapial.org\/canoe-kayak\/wp-content\/uploads\/2025\/06\/canoe-descente-600x800.jpeg 600w\" sizes=\"auto, (max-width: 1920px) 100vw, 1920px\" \/><\/figure><div class=\"stk-container-padding stk-block-card__content\"><div class=\"stk-block-content stk-inner-blocks stk-928cae4-inner-blocks\">\n<div class=\"wp-block-stackable-heading stk-block-heading stk-block-heading--v2 stk-block stk-b794aaa\" id=\"strong-location-descente-avec-brevet-d-etat-strong\" data-block-id=\"b794aaa\"><h2 class=\"stk-block-heading__text has-text-color\"><strong>Location descente avec Brevet d&rsquo;Etat<\/strong><\/h2><\/div>\n\n\n\n<p><em><strong>Parcours : Marsal \/ Avalats<\/strong><\/em><br>7 km = 2h00<br>Tarifs : 32,00 \u20ac par personne<\/p>\n\n\n\n<p><strong><em>Parcours : Roc Blanc \/ Avalats<\/em><\/strong><br>9 km = 3h00<br>Tarifs : 37,00 \u20ac par personne<\/p>\n\n\n\n<p><strong><em>Parcours : Ambialet \/ Avalats<\/em><\/strong><br>18 km = 6h00<br>Tarifs : 42,00 \u20ac par personne<\/p>\n<\/div><\/div><\/div><\/div>\n<\/div><\/div><\/div>\n<\/div><\/div>\n<\/div><\/div><\/div>\n<\/div><\/div>\n<style class=\"advgb-styles-renderer\">.stk-33eab3c {background-color:var(--stk-global-color-58834, #ffffff) !important;padding-top:80px !important;padding-bottom:80px !important;}.stk-33eab3c:before{background-color:var(--stk-global-color-58834, #ffffff) !important;}.stk-efdbfbd .stk-block-heading__text{font-size:40px !important;color:#1a1a1a !important;font-weight:800 !important;font-family:\"Raleway\", Sans-serif !important;}@media screen and (max-width:999px){.stk-efdbfbd .stk-block-heading__text{font-size:40px !important;}}.stk-85a7e1d-container{box-shadow:7px 5px 30px #48497927 !important;}.stk-cabc74b {margin-bottom:8px !important;}.stk-cabc74b .stk-block-heading__text{font-size:32px !important;color:#1a1a1a !important;font-weight:800 !important;font-family:\"Raleway\", Sans-serif !important;}@media screen and (max-width:999px){.stk-cabc74b .stk-block-heading__text{font-size:32px !important;}}.stk-85b762b-container{box-shadow:7px 5px 30px #48497927 !important;}.stk-4b37b7f {margin-bottom:8px !important;}.stk-4b37b7f .stk-block-heading__text{font-size:32px !important;color:#1a1a1a !important;font-weight:800 !important;font-family:\"Raleway\", Sans-serif !important;}@media screen and (max-width:999px){.stk-4b37b7f .stk-block-heading__text{font-size:32px !important;}}.stk-928cae4-container{box-shadow:7px 5px 30px #48497927 !important;}.stk-b794aaa {margin-bottom:8px !important;}.stk-b794aaa .stk-block-heading__text{font-size:32px !important;color:#1a1a1a !important;font-weight:800 !important;font-family:\"Raleway\", Sans-serif !important;}@media screen and (max-width:999px){.stk-b794aaa .stk-block-heading__text{font-size:32px !important;}}<\/style>","protected":false},"excerpt":{"rendered":"<p>Tous les tarifs Paiements&nbsp;: Cartes bancaires, Ch\u00e8ques Vacances. Tarifs r\u00e9duits&nbsp;: accord\u00e9s aux membres de Lo Capial, FOL, UFOLEP, FFCK, CNAS, COS du Tarn, ATSCAF du Tarn, aux \u00e9tudiants et demandeurs d\u2019emploi sur pr\u00e9sentation de la carte de l\u2019ann\u00e9e en cours. Tarifs groupe&nbsp;: \u00e0 partir de 10 personnes. Location descente Parcours : Marsal \/ Avalats7 km [&hellip;]<\/p>\n","protected":false},"author":1,"featured_media":0,"parent":0,"menu_order":0,"comment_status":"closed","ping_status":"closed","template":"","meta":{"advgb_blocks_editor_width":"","advgb_blocks_columns_visual_guide":"","footnotes":""},"class_list":["post-6","page","type-page","status-publish","hentry"],"blocksy_meta":{"styles_descriptor":{"styles":{"desktop":"","tablet":"","mobile":""},"google_fonts":[],"version":6}},"yoast_head":"<!-- This site is optimized with the Yoast SEO plugin v27.3 - https:\/\/yoast.com\/product\/yoast-seo-wordpress\/ -->\n<title>Tous les tarifs - Base nautique canoe-kayak Lo Capial<\/title>\n<meta name=\"robots\" content=\"index, follow, max-snippet:-1, max-image-preview:large, max-video-preview:-1\" \/>\n<link rel=\"canonical\" href=\"https:\/\/www.locapial.org\/canoe-kayak\/tous-les-tarifs\/\" \/>\n<meta property=\"og:locale\" content=\"fr_FR\" \/>\n<meta property=\"og:type\" content=\"article\" \/>\n<meta property=\"og:title\" content=\"Tous les tarifs - Base nautique canoe-kayak Lo Capial\" \/>\n<meta property=\"og:description\" content=\"Tous les tarifs Paiements&nbsp;: Cartes bancaires, Ch\u00e8ques Vacances. Tarifs r\u00e9duits&nbsp;: accord\u00e9s aux membres de Lo Capial, FOL, UFOLEP, FFCK, CNAS, COS du Tarn, ATSCAF du Tarn, aux \u00e9tudiants et demandeurs d\u2019emploi sur pr\u00e9sentation de la carte de l\u2019ann\u00e9e en cours. Tarifs groupe&nbsp;: \u00e0 partir de 10 personnes. Location descente Parcours : Marsal \/ Avalats7 km [&hellip;]\" \/>\n<meta property=\"og:url\" content=\"https:\/\/www.locapial.org\/canoe-kayak\/tous-les-tarifs\/\" \/>\n<meta property=\"og:site_name\" content=\"Base nautique canoe-kayak Lo Capial\" \/>\n<meta property=\"article:publisher\" content=\"https:\/\/www.facebook.com\/locapial\/\" \/>\n<meta property=\"article:modified_time\" content=\"2025-06-03T08:30:36+00:00\" \/>\n<meta property=\"og:image\" content=\"https:\/\/www.locapial.org\/canoe-kayak\/wp-content\/uploads\/2025\/06\/Canoe-Loc-scaled.jpeg\" \/>\n\t<meta property=\"og:image:width\" content=\"1920\" \/>\n\t<meta property=\"og:image:height\" content=\"2560\" \/>\n\t<meta property=\"og:image:type\" content=\"image\/jpeg\" \/>\n<meta name=\"twitter:card\" content=\"summary_large_image\" \/>\n<meta name=\"twitter:site\" content=\"@LoCapial\" \/>\n<meta name=\"twitter:label1\" content=\"Dur\u00e9e de lecture estim\u00e9e\" \/>\n\t<meta name=\"twitter:data1\" content=\"2 minutes\" \/>\n<script type=\"application\/ld+json\" class=\"yoast-schema-graph\">{\"@context\":\"https:\\\/\\\/schema.org\",\"@graph\":[{\"@type\":\"WebPage\",\"@id\":\"https:\\\/\\\/www.locapial.org\\\/canoe-kayak\\\/tous-les-tarifs\\\/\",\"url\":\"https:\\\/\\\/www.locapial.org\\\/canoe-kayak\\\/tous-les-tarifs\\\/\",\"name\":\"Tous les tarifs - Base nautique canoe-kayak Lo Capial\",\"isPartOf\":{\"@id\":\"https:\\\/\\\/www.locapial.org\\\/canoe-kayak\\\/#website\"},\"primaryImageOfPage\":{\"@id\":\"https:\\\/\\\/www.locapial.org\\\/canoe-kayak\\\/tous-les-tarifs\\\/#primaryimage\"},\"image\":{\"@id\":\"https:\\\/\\\/www.locapial.org\\\/canoe-kayak\\\/tous-les-tarifs\\\/#primaryimage\"},\"thumbnailUrl\":\"https:\\\/\\\/www.locapial.org\\\/canoe-kayak\\\/wp-content\\\/uploads\\\/2025\\\/06\\\/Canoe-Loc-scaled.jpeg\",\"datePublished\":\"2018-05-15T10:18:45+00:00\",\"dateModified\":\"2025-06-03T08:30:36+00:00\",\"breadcrumb\":{\"@id\":\"https:\\\/\\\/www.locapial.org\\\/canoe-kayak\\\/tous-les-tarifs\\\/#breadcrumb\"},\"inLanguage\":\"fr-FR\",\"potentialAction\":[{\"@type\":\"ReadAction\",\"target\":[\"https:\\\/\\\/www.locapial.org\\\/canoe-kayak\\\/tous-les-tarifs\\\/\"]}]},{\"@type\":\"ImageObject\",\"inLanguage\":\"fr-FR\",\"@id\":\"https:\\\/\\\/www.locapial.org\\\/canoe-kayak\\\/tous-les-tarifs\\\/#primaryimage\",\"url\":\"https:\\\/\\\/www.locapial.org\\\/canoe-kayak\\\/wp-content\\\/uploads\\\/2025\\\/06\\\/Canoe-Loc-scaled.jpeg\",\"contentUrl\":\"https:\\\/\\\/www.locapial.org\\\/canoe-kayak\\\/wp-content\\\/uploads\\\/2025\\\/06\\\/Canoe-Loc-scaled.jpeg\",\"width\":1920,\"height\":2560,\"caption\":\"Canoe Lo Capial\"},{\"@type\":\"BreadcrumbList\",\"@id\":\"https:\\\/\\\/www.locapial.org\\\/canoe-kayak\\\/tous-les-tarifs\\\/#breadcrumb\",\"itemListElement\":[{\"@type\":\"ListItem\",\"position\":1,\"name\":\"Accueil\",\"item\":\"https:\\\/\\\/www.locapial.org\\\/canoe-kayak\\\/\"},{\"@type\":\"ListItem\",\"position\":2,\"name\":\"Tous les tarifs\"}]},{\"@type\":\"WebSite\",\"@id\":\"https:\\\/\\\/www.locapial.org\\\/canoe-kayak\\\/#website\",\"url\":\"https:\\\/\\\/www.locapial.org\\\/canoe-kayak\\\/\",\"name\":\"Base nautique canoe-kayak Lo Capial\",\"description\":\"\",\"publisher\":{\"@id\":\"https:\\\/\\\/www.locapial.org\\\/canoe-kayak\\\/#organization\"},\"potentialAction\":[{\"@type\":\"SearchAction\",\"target\":{\"@type\":\"EntryPoint\",\"urlTemplate\":\"https:\\\/\\\/www.locapial.org\\\/canoe-kayak\\\/?s={search_term_string}\"},\"query-input\":{\"@type\":\"PropertyValueSpecification\",\"valueRequired\":true,\"valueName\":\"search_term_string\"}}],\"inLanguage\":\"fr-FR\"},{\"@type\":\"Organization\",\"@id\":\"https:\\\/\\\/www.locapial.org\\\/canoe-kayak\\\/#organization\",\"name\":\"Lo Capial\",\"url\":\"https:\\\/\\\/www.locapial.org\\\/canoe-kayak\\\/\",\"logo\":{\"@type\":\"ImageObject\",\"inLanguage\":\"fr-FR\",\"@id\":\"https:\\\/\\\/www.locapial.org\\\/canoe-kayak\\\/#\\\/schema\\\/logo\\\/image\\\/\",\"url\":\"https:\\\/\\\/www.locapial.org\\\/canoe-kayak\\\/wp-content\\\/uploads\\\/2018\\\/05\\\/locapial.png\",\"contentUrl\":\"https:\\\/\\\/www.locapial.org\\\/canoe-kayak\\\/wp-content\\\/uploads\\\/2018\\\/05\\\/locapial.png\",\"width\":180,\"height\":180,\"caption\":\"Lo Capial\"},\"image\":{\"@id\":\"https:\\\/\\\/www.locapial.org\\\/canoe-kayak\\\/#\\\/schema\\\/logo\\\/image\\\/\"},\"sameAs\":[\"https:\\\/\\\/www.facebook.com\\\/locapial\\\/\",\"https:\\\/\\\/x.com\\\/LoCapial\",\"https:\\\/\\\/www.youtube.com\\\/channel\\\/UC4YYPurwxyGe_z6En37caOQ\"]}]}<\/script>\n<!-- \/ Yoast SEO plugin. -->","yoast_head_json":{"title":"Tous les tarifs - Base nautique canoe-kayak Lo Capial","robots":{"index":"index","follow":"follow","max-snippet":"max-snippet:-1","max-image-preview":"max-image-preview:large","max-video-preview":"max-video-preview:-1"},"canonical":"https:\/\/www.locapial.org\/canoe-kayak\/tous-les-tarifs\/","og_locale":"fr_FR","og_type":"article","og_title":"Tous les tarifs - Base nautique canoe-kayak Lo Capial","og_description":"Tous les tarifs Paiements&nbsp;: Cartes bancaires, Ch\u00e8ques Vacances. Tarifs r\u00e9duits&nbsp;: accord\u00e9s aux membres de Lo Capial, FOL, UFOLEP, FFCK, CNAS, COS du Tarn, ATSCAF du Tarn, aux \u00e9tudiants et demandeurs d\u2019emploi sur pr\u00e9sentation de la carte de l\u2019ann\u00e9e en cours. Tarifs groupe&nbsp;: \u00e0 partir de 10 personnes. Location descente Parcours : Marsal \/ Avalats7 km [&hellip;]","og_url":"https:\/\/www.locapial.org\/canoe-kayak\/tous-les-tarifs\/","og_site_name":"Base nautique canoe-kayak Lo Capial","article_publisher":"https:\/\/www.facebook.com\/locapial\/","article_modified_time":"2025-06-03T08:30:36+00:00","og_image":[{"width":1920,"height":2560,"url":"https:\/\/www.locapial.org\/canoe-kayak\/wp-content\/uploads\/2025\/06\/Canoe-Loc-scaled.jpeg","type":"image\/jpeg"}],"twitter_card":"summary_large_image","twitter_site":"@LoCapial","twitter_misc":{"Dur\u00e9e de lecture estim\u00e9e":"2 minutes"},"schema":{"@context":"https:\/\/schema.org","@graph":[{"@type":"WebPage","@id":"https:\/\/www.locapial.org\/canoe-kayak\/tous-les-tarifs\/","url":"https:\/\/www.locapial.org\/canoe-kayak\/tous-les-tarifs\/","name":"Tous les tarifs - Base nautique canoe-kayak Lo Capial","isPartOf":{"@id":"https:\/\/www.locapial.org\/canoe-kayak\/#website"},"primaryImageOfPage":{"@id":"https:\/\/www.locapial.org\/canoe-kayak\/tous-les-tarifs\/#primaryimage"},"image":{"@id":"https:\/\/www.locapial.org\/canoe-kayak\/tous-les-tarifs\/#primaryimage"},"thumbnailUrl":"https:\/\/www.locapial.org\/canoe-kayak\/wp-content\/uploads\/2025\/06\/Canoe-Loc-scaled.jpeg","datePublished":"2018-05-15T10:18:45+00:00","dateModified":"2025-06-03T08:30:36+00:00","breadcrumb":{"@id":"https:\/\/www.locapial.org\/canoe-kayak\/tous-les-tarifs\/#breadcrumb"},"inLanguage":"fr-FR","potentialAction":[{"@type":"ReadAction","target":["https:\/\/www.locapial.org\/canoe-kayak\/tous-les-tarifs\/"]}]},{"@type":"ImageObject","inLanguage":"fr-FR","@id":"https:\/\/www.locapial.org\/canoe-kayak\/tous-les-tarifs\/#primaryimage","url":"https:\/\/www.locapial.org\/canoe-kayak\/wp-content\/uploads\/2025\/06\/Canoe-Loc-scaled.jpeg","contentUrl":"https:\/\/www.locapial.org\/canoe-kayak\/wp-content\/uploads\/2025\/06\/Canoe-Loc-scaled.jpeg","width":1920,"height":2560,"caption":"Canoe Lo Capial"},{"@type":"BreadcrumbList","@id":"https:\/\/www.locapial.org\/canoe-kayak\/tous-les-tarifs\/#breadcrumb","itemListElement":[{"@type":"ListItem","position":1,"name":"Accueil","item":"https:\/\/www.locapial.org\/canoe-kayak\/"},{"@type":"ListItem","position":2,"name":"Tous les tarifs"}]},{"@type":"WebSite","@id":"https:\/\/www.locapial.org\/canoe-kayak\/#website","url":"https:\/\/www.locapial.org\/canoe-kayak\/","name":"Base nautique canoe-kayak Lo Capial","description":"","publisher":{"@id":"https:\/\/www.locapial.org\/canoe-kayak\/#organization"},"potentialAction":[{"@type":"SearchAction","target":{"@type":"EntryPoint","urlTemplate":"https:\/\/www.locapial.org\/canoe-kayak\/?s={search_term_string}"},"query-input":{"@type":"PropertyValueSpecification","valueRequired":true,"valueName":"search_term_string"}}],"inLanguage":"fr-FR"},{"@type":"Organization","@id":"https:\/\/www.locapial.org\/canoe-kayak\/#organization","name":"Lo Capial","url":"https:\/\/www.locapial.org\/canoe-kayak\/","logo":{"@type":"ImageObject","inLanguage":"fr-FR","@id":"https:\/\/www.locapial.org\/canoe-kayak\/#\/schema\/logo\/image\/","url":"https:\/\/www.locapial.org\/canoe-kayak\/wp-content\/uploads\/2018\/05\/locapial.png","contentUrl":"https:\/\/www.locapial.org\/canoe-kayak\/wp-content\/uploads\/2018\/05\/locapial.png","width":180,"height":180,"caption":"Lo Capial"},"image":{"@id":"https:\/\/www.locapial.org\/canoe-kayak\/#\/schema\/logo\/image\/"},"sameAs":["https:\/\/www.facebook.com\/locapial\/","https:\/\/x.com\/LoCapial","https:\/\/www.youtube.com\/channel\/UC4YYPurwxyGe_z6En37caOQ"]}]}},"coauthors":[],"author_meta":{"author_link":"https:\/\/www.locapial.org\/canoe-kayak\/author\/administrateur\/","display_name":"administrateur"},"relative_dates":{"created":"Publi\u00e9 8 ans il y a","modified":"Mis \u00e0 jour 10 mois il y a"},"absolute_dates":{"created":"Publi\u00e9 le 15 mai 2018","modified":"Mise \u00e0 jour le 3 juin 2025"},"absolute_dates_time":{"created":"Publi\u00e9 le 15 mai 2018 12 h 18 min","modified":"Mise \u00e0 jour le 3 juin 2025 10 h 30 min"},"featured_img_caption":"","featured_img":false,"series_order":"","_links":{"self":[{"href":"https:\/\/www.locapial.org\/canoe-kayak\/wp-json\/wp\/v2\/pages\/6","targetHints":{"allow":["GET"]}}],"collection":[{"href":"https:\/\/www.locapial.org\/canoe-kayak\/wp-json\/wp\/v2\/pages"}],"about":[{"href":"https:\/\/www.locapial.org\/canoe-kayak\/wp-json\/wp\/v2\/types\/page"}],"author":[{"embeddable":true,"href":"https:\/\/www.locapial.org\/canoe-kayak\/wp-json\/wp\/v2\/users\/1"}],"replies":[{"embeddable":true,"href":"https:\/\/www.locapial.org\/canoe-kayak\/wp-json\/wp\/v2\/comments?post=6"}],"version-history":[{"count":8,"href":"https:\/\/www.locapial.org\/canoe-kayak\/wp-json\/wp\/v2\/pages\/6\/revisions"}],"predecessor-version":[{"id":1415,"href":"https:\/\/www.locapial.org\/canoe-kayak\/wp-json\/wp\/v2\/pages\/6\/revisions\/1415"}],"wp:attachment":[{"href":"https:\/\/www.locapial.org\/canoe-kayak\/wp-json\/wp\/v2\/media?parent=6"}],"curies":[{"name":"wp","href":"https:\/\/api.w.org\/{rel}","templated":true}]}}