{"id":10,"date":"2018-05-15T12:19:31","date_gmt":"2018-05-15T10:19:31","guid":{"rendered":"https:\/\/www.locapial.org\/canoe-kayak\/?page_id=10"},"modified":"2022-01-28T10:46:40","modified_gmt":"2022-01-28T09:46:40","slug":"activites-aux-alentours","status":"publish","type":"page","link":"https:\/\/www.locapial.org\/canoe-kayak\/activites-aux-alentours\/","title":{"rendered":"Activit\u00e9s aux alentours"},"content":{"rendered":"\n<div class=\"wp-block-columns is-layout-flex wp-container-core-columns-is-layout-28f84493 wp-block-columns-is-layout-flex\">\n<div class=\"wp-block-column is-layout-flow wp-block-column-is-layout-flow\">\n<div class=\"wp-block-stackable-columns stk-block-columns stk-block stk-2702127\" data-block-id=\"2702127\"><div class=\"stk-row stk-inner-blocks stk-block-content stk-content-align stk-2702127-column\">\n<div class=\"wp-block-stackable-column stk-block-column stk-column stk-block stk-65cc067\" data-block-id=\"65cc067\"><div class=\"stk-column-wrapper stk-block-column__content stk-container stk-65cc067-container stk--no-background stk--no-padding\"><div class=\"stk-block-content stk-inner-blocks\">\n<div class=\"wp-block-stackable-image stk-block-image stk-block stk-7647ad8\" data-block-id=\"7647ad8\"><figure class=\"stk-img-wrapper stk-image--shape-stretch\"><img loading=\"lazy\" decoding=\"async\" class=\"stk-img wp-image-388\" src=\"https:\/\/www.locapial.org\/canoe-kayak\/wp-content\/uploads\/2018\/05\/cyclotourisme.jpg\" width=\"1920\" height=\"1080\" alt=\"V\u00e9lo\" srcset=\"https:\/\/www.locapial.org\/canoe-kayak\/wp-content\/uploads\/2018\/05\/cyclotourisme.jpg 1920w, https:\/\/www.locapial.org\/canoe-kayak\/wp-content\/uploads\/2018\/05\/cyclotourisme-300x169.jpg 300w, https:\/\/www.locapial.org\/canoe-kayak\/wp-content\/uploads\/2018\/05\/cyclotourisme-768x432.jpg 768w, https:\/\/www.locapial.org\/canoe-kayak\/wp-content\/uploads\/2018\/05\/cyclotourisme-1024x576.jpg 1024w\" sizes=\"auto, (max-width: 1920px) 100vw, 1920px\" \/><\/figure><\/div>\n<\/div><\/div><\/div>\n<\/div><\/div>\n<\/div>\n\n\n\n<div class=\"wp-block-column is-layout-flow wp-block-column-is-layout-flow\">\n<div class=\"wp-block-stackable-image stk-block-image stk-block stk-0b408dc\" data-block-id=\"0b408dc\"><figure class=\"stk-img-wrapper stk-image--shape-stretch\"><img loading=\"lazy\" decoding=\"async\" class=\"stk-img wp-image-376\" src=\"https:\/\/www.locapial.org\/canoe-kayak\/wp-content\/uploads\/2018\/05\/randobase.jpg\" width=\"639\" height=\"481\" alt=\"Rando\" srcset=\"https:\/\/www.locapial.org\/canoe-kayak\/wp-content\/uploads\/2018\/05\/randobase.jpg 639w, https:\/\/www.locapial.org\/canoe-kayak\/wp-content\/uploads\/2018\/05\/randobase-300x226.jpg 300w\" sizes=\"auto, (max-width: 639px) 100vw, 639px\" \/><\/figure><\/div>\n<\/div>\n\n\n\n<div class=\"wp-block-column is-layout-flow wp-block-column-is-layout-flow\">\n<div class=\"wp-block-stackable-image stk-block-image stk-block stk-12fa6b3\" data-block-id=\"12fa6b3\"><figure class=\"stk-img-wrapper stk-image--shape-stretch\"><img loading=\"lazy\" decoding=\"async\" class=\"stk-img wp-image-529\" src=\"https:\/\/www.locapial.org\/canoe-kayak\/wp-content\/uploads\/2018\/05\/vtt.jpg\" width=\"455\" height=\"304\" alt=\"VTT\" srcset=\"https:\/\/www.locapial.org\/canoe-kayak\/wp-content\/uploads\/2018\/05\/vtt.jpg 455w, https:\/\/www.locapial.org\/canoe-kayak\/wp-content\/uploads\/2018\/05\/vtt-300x200.jpg 300w\" sizes=\"auto, (max-width: 455px) 100vw, 455px\" \/><\/figure><\/div>\n<\/div>\n<\/div>\n\n\n\n<div class=\"wp-block-stackable-columns stk-block-columns stk-block stk-92d288d\" data-block-id=\"92d288d\"><div class=\"stk-row stk-inner-blocks stk-block-content stk-content-align stk-92d288d-column\">\n<div class=\"wp-block-stackable-column stk-block-column stk-column stk-block stk-085c1a3\" data-block-id=\"085c1a3\"><div class=\"stk-column-wrapper stk-block-column__content stk-container stk-085c1a3-container stk--no-background stk--no-padding\"><div class=\"stk-block-content stk-inner-blocks\">\n<p>Tr\u00e8s investie dans l&rsquo;animation de la ville de Saint-Ju\u00e9ry, l&rsquo;association <strong>Lo Capial<\/strong>, en plus de toutes les activit\u00e9s propos\u00e9es par ses b\u00e9n\u00e9voles, vous fait d\u00e9couvrir d&rsquo;autres animations.<\/p>\n\n\n\n<p>Venez visiter l&rsquo;industrie de la ville en d\u00e9couvrant le <a href=\"http:\/\/www.musee-saut-du-tarn.com\" target=\"_blank\" rel=\"noreferrer noopener\">Mus\u00e9e du Saut du Tarn<\/a>. Cr\u00e9\u00e9 en 1995 par d&rsquo;anciens ouvriers de l&rsquo;usine m\u00e9tallurgique, c&rsquo;est avant tout un lieu de d\u00e9couverte. Plongez au c\u0153ur de l&rsquo;\u00e9pop\u00e9e industrielle des XIXe et XXe si\u00e8cles.<\/p>\n\n\n\n<p>Levez le voile sur l&rsquo;histoire du <strong>village <\/strong>des <strong>Avalats <\/strong>en visitant l&rsquo;ancienne commune avec son vieux village aux abords du Tarn. Supprim\u00e9 en 1832, son territoire est d\u00e9sormais partag\u00e9 entre les communes de <a href=\"http:\/\/www.mairie-saint-gregoire.fr\" target=\"_blank\" rel=\"noreferrer noopener\">Saint-Gr\u00e9goire<\/a> et de <a href=\"http:\/\/www.ville-saint-juery.fr\" target=\"_blank\" rel=\"noreferrer noopener\">Saint-Ju\u00e9ry<\/a>.<\/p>\n\n\n\n<p>Laissez-vous s\u00e9duire par le charme de notre r\u00e9gion en profitant de ses activit\u00e9s adapt\u00e9es \u00e0 tous.<\/p>\n<\/div><\/div><\/div>\n\n\n\n<div class=\"wp-block-stackable-column stk-block-column stk-column stk-block stk-e6c25f1\" data-block-id=\"e6c25f1\"><div class=\"stk-column-wrapper stk-block-column__content stk-container stk-e6c25f1-container stk--no-background stk--no-padding\"><div class=\"stk-block-content stk-inner-blocks\">\n<p>Envie d&rsquo;att\u00e9nuer tout votre stress accumul\u00e9 au quotidien ? Marchez ou roulez pour vous d\u00e9penser, diminuez vos douleurs et oxyg\u00e9nez-vous gr\u00e2ce \u00e0 la <strong>randonn\u00e9e<\/strong>, au<strong> VTT <\/strong>et au<strong> cyclotourisme<\/strong>! Entre amis, en famille, \u00e0 deux ou en solitaire, d\u00e9couvrez, apprivoisez et appr\u00e9ciez la nature tout en vous d\u00e9pensant.<\/p>\n\n\n\n<p>La maison d&rsquo;animation <a href=\"http:\/\/www.locapial.org\" target=\"_blank\" rel=\"noreferrer noopener\">Lo<\/a><a href=\"http:\/\/www.locapial.org\" target=\"_blank\" rel=\"noreferrer noopener\"> Cap<\/a><a href=\"http:\/\/www.locapial.org\" target=\"_blank\" rel=\"noreferrer noopener\">ial<\/a> vous offre la possibilit\u00e9 de d\u00e9couvrir une multitude d&rsquo;endroits surprenants au c\u0153ur de la <strong>vall\u00e9e <\/strong>du <strong>Tarn<\/strong>. Affili\u00e9e \u00e0 la F\u00e9d\u00e9ration Fran\u00e7aise de la Randonn\u00e9e P\u00e9destre et \u00e0 la F\u00e9d\u00e9ration Fran\u00e7aise de CycloTourisme, nos activit\u00e9s existent depuis de longues ann\u00e9es. Des groupes peuvent se constituer pour effectuer des sorties de plusieurs jours sur un th\u00e8me choisi.<\/p>\n\n\n\n<p>Faciles avec des <strong>promenades<\/strong> bien-\u00eatre et sant\u00e9, sportives avec des grandes randonn\u00e9es, organisation de <strong>randochallenges<\/strong>, Lo Capial organise vos activit\u00e9s de <a href=\"https:\/\/www.locapial.org\/les-sections\/activites-sportives\/randonnee-pedestre\/\" target=\"_blank\" rel=\"noreferrer noopener\">randonn\u00e9es p\u00e9destres<\/a> et<strong> cyclistes<\/strong> (<a href=\"https:\/\/www.locapial.org\/les-sections\/activites-sportives\/cyclotourisme\/\" target=\"_blank\" rel=\"noreferrer noopener\">cyclotourisme<\/a> et <a href=\"https:\/\/www.locapial.org\/les-sections\/activites-sportives\/vtt\/\" target=\"_blank\" rel=\"noreferrer noopener\">VTT<\/a>)\u00e0 Saint-Ju\u00e9ry.<\/p>\n\n\n\n<p><strong><a href=\"https:\/\/www.locapial.org\/canoe-kayak\/#contact-4\">Contactez-nous<\/a><\/strong> pour plus d&rsquo;informations.<\/p>\n<\/div><\/div><\/div>\n<\/div><\/div>\n","protected":false},"excerpt":{"rendered":"<p>Tr\u00e8s investie dans l&rsquo;animation de la ville de Saint-Ju\u00e9ry, l&rsquo;association Lo Capial, en plus de toutes les activit\u00e9s propos\u00e9es par ses b\u00e9n\u00e9voles, vous fait d\u00e9couvrir d&rsquo;autres animations. Venez visiter l&rsquo;industrie de la ville en d\u00e9couvrant le Mus\u00e9e du Saut du Tarn. Cr\u00e9\u00e9 en 1995 par d&rsquo;anciens ouvriers de l&rsquo;usine m\u00e9tallurgique, c&rsquo;est avant tout un lieu [&hellip;]<\/p>\n","protected":false},"author":1,"featured_media":0,"parent":0,"menu_order":0,"comment_status":"closed","ping_status":"closed","template":"","meta":{"advgb_blocks_editor_width":"","advgb_blocks_columns_visual_guide":"","footnotes":""},"class_list":["post-10","page","type-page","status-publish","hentry"],"blocksy_meta":{"styles_descriptor":{"styles":{"desktop":"","tablet":"","mobile":""},"google_fonts":[],"version":6}},"yoast_head":"<!-- This site is optimized with the Yoast SEO plugin v27.5 - https:\/\/yoast.com\/product\/yoast-seo-wordpress\/ -->\n<title>Activit\u00e9s aux alentours - Base nautique canoe-kayak Lo Capial<\/title>\n<meta name=\"robots\" content=\"index, follow, max-snippet:-1, max-image-preview:large, max-video-preview:-1\" \/>\n<link rel=\"canonical\" href=\"https:\/\/www.locapial.org\/canoe-kayak\/activites-aux-alentours\/\" \/>\n<meta property=\"og:locale\" content=\"fr_FR\" \/>\n<meta property=\"og:type\" content=\"article\" \/>\n<meta property=\"og:title\" content=\"Activit\u00e9s aux alentours - Base nautique canoe-kayak Lo Capial\" \/>\n<meta property=\"og:description\" content=\"Tr\u00e8s investie dans l&rsquo;animation de la ville de Saint-Ju\u00e9ry, l&rsquo;association Lo Capial, en plus de toutes les activit\u00e9s propos\u00e9es par ses b\u00e9n\u00e9voles, vous fait d\u00e9couvrir d&rsquo;autres animations. Venez visiter l&rsquo;industrie de la ville en d\u00e9couvrant le Mus\u00e9e du Saut du Tarn. Cr\u00e9\u00e9 en 1995 par d&rsquo;anciens ouvriers de l&rsquo;usine m\u00e9tallurgique, c&rsquo;est avant tout un lieu [&hellip;]\" \/>\n<meta property=\"og:url\" content=\"https:\/\/www.locapial.org\/canoe-kayak\/activites-aux-alentours\/\" \/>\n<meta property=\"og:site_name\" content=\"Base nautique canoe-kayak Lo Capial\" \/>\n<meta property=\"article:publisher\" content=\"https:\/\/www.facebook.com\/locapial\/\" \/>\n<meta property=\"article:modified_time\" content=\"2022-01-28T09:46:40+00:00\" \/>\n<meta property=\"og:image\" content=\"https:\/\/www.locapial.org\/canoe-kayak\/wp-content\/uploads\/2018\/05\/cyclotourisme.jpg\" \/>\n<meta name=\"twitter:card\" content=\"summary_large_image\" \/>\n<meta name=\"twitter:site\" content=\"@LoCapial\" \/>\n<meta name=\"twitter:label1\" content=\"Dur\u00e9e de lecture estim\u00e9e\" \/>\n\t<meta name=\"twitter:data1\" content=\"2 minutes\" \/>\n<script type=\"application\/ld+json\" class=\"yoast-schema-graph\">{\"@context\":\"https:\\\/\\\/schema.org\",\"@graph\":[{\"@type\":\"WebPage\",\"@id\":\"https:\\\/\\\/www.locapial.org\\\/canoe-kayak\\\/activites-aux-alentours\\\/\",\"url\":\"https:\\\/\\\/www.locapial.org\\\/canoe-kayak\\\/activites-aux-alentours\\\/\",\"name\":\"Activit\u00e9s aux alentours - Base nautique canoe-kayak Lo Capial\",\"isPartOf\":{\"@id\":\"https:\\\/\\\/www.locapial.org\\\/canoe-kayak\\\/#website\"},\"primaryImageOfPage\":{\"@id\":\"https:\\\/\\\/www.locapial.org\\\/canoe-kayak\\\/activites-aux-alentours\\\/#primaryimage\"},\"image\":{\"@id\":\"https:\\\/\\\/www.locapial.org\\\/canoe-kayak\\\/activites-aux-alentours\\\/#primaryimage\"},\"thumbnailUrl\":\"https:\\\/\\\/www.locapial.org\\\/canoe-kayak\\\/wp-content\\\/uploads\\\/2018\\\/05\\\/cyclotourisme.jpg\",\"datePublished\":\"2018-05-15T10:19:31+00:00\",\"dateModified\":\"2022-01-28T09:46:40+00:00\",\"breadcrumb\":{\"@id\":\"https:\\\/\\\/www.locapial.org\\\/canoe-kayak\\\/activites-aux-alentours\\\/#breadcrumb\"},\"inLanguage\":\"fr-FR\",\"potentialAction\":[{\"@type\":\"ReadAction\",\"target\":[\"https:\\\/\\\/www.locapial.org\\\/canoe-kayak\\\/activites-aux-alentours\\\/\"]}]},{\"@type\":\"ImageObject\",\"inLanguage\":\"fr-FR\",\"@id\":\"https:\\\/\\\/www.locapial.org\\\/canoe-kayak\\\/activites-aux-alentours\\\/#primaryimage\",\"url\":\"https:\\\/\\\/www.locapial.org\\\/canoe-kayak\\\/wp-content\\\/uploads\\\/2018\\\/05\\\/cyclotourisme.jpg\",\"contentUrl\":\"https:\\\/\\\/www.locapial.org\\\/canoe-kayak\\\/wp-content\\\/uploads\\\/2018\\\/05\\\/cyclotourisme.jpg\",\"width\":1920,\"height\":1080,\"caption\":\"V\u00e9lo\"},{\"@type\":\"BreadcrumbList\",\"@id\":\"https:\\\/\\\/www.locapial.org\\\/canoe-kayak\\\/activites-aux-alentours\\\/#breadcrumb\",\"itemListElement\":[{\"@type\":\"ListItem\",\"position\":1,\"name\":\"Accueil\",\"item\":\"https:\\\/\\\/www.locapial.org\\\/canoe-kayak\\\/\"},{\"@type\":\"ListItem\",\"position\":2,\"name\":\"Activit\u00e9s aux alentours\"}]},{\"@type\":\"WebSite\",\"@id\":\"https:\\\/\\\/www.locapial.org\\\/canoe-kayak\\\/#website\",\"url\":\"https:\\\/\\\/www.locapial.org\\\/canoe-kayak\\\/\",\"name\":\"Base nautique canoe-kayak Lo Capial\",\"description\":\"\",\"publisher\":{\"@id\":\"https:\\\/\\\/www.locapial.org\\\/canoe-kayak\\\/#organization\"},\"potentialAction\":[{\"@type\":\"SearchAction\",\"target\":{\"@type\":\"EntryPoint\",\"urlTemplate\":\"https:\\\/\\\/www.locapial.org\\\/canoe-kayak\\\/?s={search_term_string}\"},\"query-input\":{\"@type\":\"PropertyValueSpecification\",\"valueRequired\":true,\"valueName\":\"search_term_string\"}}],\"inLanguage\":\"fr-FR\"},{\"@type\":\"Organization\",\"@id\":\"https:\\\/\\\/www.locapial.org\\\/canoe-kayak\\\/#organization\",\"name\":\"Lo Capial\",\"url\":\"https:\\\/\\\/www.locapial.org\\\/canoe-kayak\\\/\",\"logo\":{\"@type\":\"ImageObject\",\"inLanguage\":\"fr-FR\",\"@id\":\"https:\\\/\\\/www.locapial.org\\\/canoe-kayak\\\/#\\\/schema\\\/logo\\\/image\\\/\",\"url\":\"https:\\\/\\\/www.locapial.org\\\/canoe-kayak\\\/wp-content\\\/uploads\\\/2018\\\/05\\\/locapial.png\",\"contentUrl\":\"https:\\\/\\\/www.locapial.org\\\/canoe-kayak\\\/wp-content\\\/uploads\\\/2018\\\/05\\\/locapial.png\",\"width\":180,\"height\":180,\"caption\":\"Lo Capial\"},\"image\":{\"@id\":\"https:\\\/\\\/www.locapial.org\\\/canoe-kayak\\\/#\\\/schema\\\/logo\\\/image\\\/\"},\"sameAs\":[\"https:\\\/\\\/www.facebook.com\\\/locapial\\\/\",\"https:\\\/\\\/x.com\\\/LoCapial\",\"https:\\\/\\\/www.youtube.com\\\/channel\\\/UC4YYPurwxyGe_z6En37caOQ\"]}]}<\/script>\n<!-- \/ Yoast SEO plugin. -->","yoast_head_json":{"title":"Activit\u00e9s aux alentours - Base nautique canoe-kayak Lo Capial","robots":{"index":"index","follow":"follow","max-snippet":"max-snippet:-1","max-image-preview":"max-image-preview:large","max-video-preview":"max-video-preview:-1"},"canonical":"https:\/\/www.locapial.org\/canoe-kayak\/activites-aux-alentours\/","og_locale":"fr_FR","og_type":"article","og_title":"Activit\u00e9s aux alentours - Base nautique canoe-kayak Lo Capial","og_description":"Tr\u00e8s investie dans l&rsquo;animation de la ville de Saint-Ju\u00e9ry, l&rsquo;association Lo Capial, en plus de toutes les activit\u00e9s propos\u00e9es par ses b\u00e9n\u00e9voles, vous fait d\u00e9couvrir d&rsquo;autres animations. Venez visiter l&rsquo;industrie de la ville en d\u00e9couvrant le Mus\u00e9e du Saut du Tarn. Cr\u00e9\u00e9 en 1995 par d&rsquo;anciens ouvriers de l&rsquo;usine m\u00e9tallurgique, c&rsquo;est avant tout un lieu [&hellip;]","og_url":"https:\/\/www.locapial.org\/canoe-kayak\/activites-aux-alentours\/","og_site_name":"Base nautique canoe-kayak Lo Capial","article_publisher":"https:\/\/www.facebook.com\/locapial\/","article_modified_time":"2022-01-28T09:46:40+00:00","og_image":[{"url":"https:\/\/www.locapial.org\/canoe-kayak\/wp-content\/uploads\/2018\/05\/cyclotourisme.jpg","type":"","width":"","height":""}],"twitter_card":"summary_large_image","twitter_site":"@LoCapial","twitter_misc":{"Dur\u00e9e de lecture estim\u00e9e":"2 minutes"},"schema":{"@context":"https:\/\/schema.org","@graph":[{"@type":"WebPage","@id":"https:\/\/www.locapial.org\/canoe-kayak\/activites-aux-alentours\/","url":"https:\/\/www.locapial.org\/canoe-kayak\/activites-aux-alentours\/","name":"Activit\u00e9s aux alentours - Base nautique canoe-kayak Lo Capial","isPartOf":{"@id":"https:\/\/www.locapial.org\/canoe-kayak\/#website"},"primaryImageOfPage":{"@id":"https:\/\/www.locapial.org\/canoe-kayak\/activites-aux-alentours\/#primaryimage"},"image":{"@id":"https:\/\/www.locapial.org\/canoe-kayak\/activites-aux-alentours\/#primaryimage"},"thumbnailUrl":"https:\/\/www.locapial.org\/canoe-kayak\/wp-content\/uploads\/2018\/05\/cyclotourisme.jpg","datePublished":"2018-05-15T10:19:31+00:00","dateModified":"2022-01-28T09:46:40+00:00","breadcrumb":{"@id":"https:\/\/www.locapial.org\/canoe-kayak\/activites-aux-alentours\/#breadcrumb"},"inLanguage":"fr-FR","potentialAction":[{"@type":"ReadAction","target":["https:\/\/www.locapial.org\/canoe-kayak\/activites-aux-alentours\/"]}]},{"@type":"ImageObject","inLanguage":"fr-FR","@id":"https:\/\/www.locapial.org\/canoe-kayak\/activites-aux-alentours\/#primaryimage","url":"https:\/\/www.locapial.org\/canoe-kayak\/wp-content\/uploads\/2018\/05\/cyclotourisme.jpg","contentUrl":"https:\/\/www.locapial.org\/canoe-kayak\/wp-content\/uploads\/2018\/05\/cyclotourisme.jpg","width":1920,"height":1080,"caption":"V\u00e9lo"},{"@type":"BreadcrumbList","@id":"https:\/\/www.locapial.org\/canoe-kayak\/activites-aux-alentours\/#breadcrumb","itemListElement":[{"@type":"ListItem","position":1,"name":"Accueil","item":"https:\/\/www.locapial.org\/canoe-kayak\/"},{"@type":"ListItem","position":2,"name":"Activit\u00e9s aux alentours"}]},{"@type":"WebSite","@id":"https:\/\/www.locapial.org\/canoe-kayak\/#website","url":"https:\/\/www.locapial.org\/canoe-kayak\/","name":"Base nautique canoe-kayak Lo Capial","description":"","publisher":{"@id":"https:\/\/www.locapial.org\/canoe-kayak\/#organization"},"potentialAction":[{"@type":"SearchAction","target":{"@type":"EntryPoint","urlTemplate":"https:\/\/www.locapial.org\/canoe-kayak\/?s={search_term_string}"},"query-input":{"@type":"PropertyValueSpecification","valueRequired":true,"valueName":"search_term_string"}}],"inLanguage":"fr-FR"},{"@type":"Organization","@id":"https:\/\/www.locapial.org\/canoe-kayak\/#organization","name":"Lo Capial","url":"https:\/\/www.locapial.org\/canoe-kayak\/","logo":{"@type":"ImageObject","inLanguage":"fr-FR","@id":"https:\/\/www.locapial.org\/canoe-kayak\/#\/schema\/logo\/image\/","url":"https:\/\/www.locapial.org\/canoe-kayak\/wp-content\/uploads\/2018\/05\/locapial.png","contentUrl":"https:\/\/www.locapial.org\/canoe-kayak\/wp-content\/uploads\/2018\/05\/locapial.png","width":180,"height":180,"caption":"Lo Capial"},"image":{"@id":"https:\/\/www.locapial.org\/canoe-kayak\/#\/schema\/logo\/image\/"},"sameAs":["https:\/\/www.facebook.com\/locapial\/","https:\/\/x.com\/LoCapial","https:\/\/www.youtube.com\/channel\/UC4YYPurwxyGe_z6En37caOQ"]}]}},"coauthors":[],"author_meta":{"author_link":"https:\/\/www.locapial.org\/canoe-kayak\/author\/administrateur\/","display_name":"administrateur"},"relative_dates":{"created":"Publi\u00e9 8 ans il y a","modified":"Mis \u00e0 jour 4 ans il y a"},"absolute_dates":{"created":"Publi\u00e9 le 15 mai 2018","modified":"Mise \u00e0 jour le 28 janvier 2022"},"absolute_dates_time":{"created":"Publi\u00e9 le 15 mai 2018 12 h 19 min","modified":"Mise \u00e0 jour le 28 janvier 2022 10 h 46 min"},"featured_img_caption":"","featured_img":false,"series_order":"","_links":{"self":[{"href":"https:\/\/www.locapial.org\/canoe-kayak\/wp-json\/wp\/v2\/pages\/10","targetHints":{"allow":["GET"]}}],"collection":[{"href":"https:\/\/www.locapial.org\/canoe-kayak\/wp-json\/wp\/v2\/pages"}],"about":[{"href":"https:\/\/www.locapial.org\/canoe-kayak\/wp-json\/wp\/v2\/types\/page"}],"author":[{"embeddable":true,"href":"https:\/\/www.locapial.org\/canoe-kayak\/wp-json\/wp\/v2\/users\/1"}],"replies":[{"embeddable":true,"href":"https:\/\/www.locapial.org\/canoe-kayak\/wp-json\/wp\/v2\/comments?post=10"}],"version-history":[{"count":5,"href":"https:\/\/www.locapial.org\/canoe-kayak\/wp-json\/wp\/v2\/pages\/10\/revisions"}],"predecessor-version":[{"id":1182,"href":"https:\/\/www.locapial.org\/canoe-kayak\/wp-json\/wp\/v2\/pages\/10\/revisions\/1182"}],"wp:attachment":[{"href":"https:\/\/www.locapial.org\/canoe-kayak\/wp-json\/wp\/v2\/media?parent=10"}],"curies":[{"name":"wp","href":"https:\/\/api.w.org\/{rel}","templated":true}]}}